{"id":81,"date":"2026-01-23T16:41:34","date_gmt":"2026-01-23T16:41:34","guid":{"rendered":"http:\/\/www.hostelchillsteps.com\/?page_id=81"},"modified":"2026-04-13T07:21:34","modified_gmt":"2026-04-13T07:21:34","slug":"location","status":"publish","type":"page","link":"http:\/\/www.hostelchillsteps.com\/index.php\/location\/","title":{"rendered":"Location"},"content":{"rendered":"\n<h2><span class=\"vurgu-mavi2\">Where are we?<\/span><\/h2>\n\n\n\n<style>\n\/* Location Sayfas\u0131 Tasar\u0131m\u0131 *\/\n.location-wrapper {\n    display: flex;\n    flex-wrap: wrap;\n    gap: 30px;\n    margin-top: 20px;\n}\n\n.location-info {\n    flex: 1;\n    min-width: 300px;\n}\n\n.map-container {\n    flex: 1.5;\n    min-width: 300px;\n    height: 450px;\n    border-radius: 15px;\n    overflow: hidden;\n    box-shadow: 0 5px 20px rgba(0,0,0,0.1);\n}\n\n.transport-card {\n    background: #fdfdfd;\n    padding: 20px;\n    margin-bottom: 20px;\n    border-left: 5px solid #23ACCF;\n    border-radius: 8px;\n    box-shadow: 0 2px 10px rgba(0,0,0,0.05);\n}\n\n.transport-card h4 {\n    color: #CC75AA;\n    margin-top: 0;\n    font-size: 1.1rem;\n    display: flex;\n    align-items: center;\n    gap: 10px;\n}\n\n.distance-badge {\n    display: inline-block;\n    background: #23ACCF;\n    color: white;\n    padding: 2px 10px;\n    border-radius: 20px;\n    font-size: 0.85rem;\n    margin-left: 10px;\n}\n\n.address-box {\n    font-size: 1.1rem;\n    line-height: 1.6;\n    margin-bottom: 25px;\n    padding: 15px;\n    background: #FFFFFF;\n    border: 1px solid rgba(0,0,0,0.6);\n    border-radius: 10px;\n}\n<\/style>\n<div class=\"location-wrapper\">\n    \n    <div class=\"location-info\">\n        <div class=\"address-box\">\n            \ud83d\udccd <strong>Address:<\/strong><br>\n            \u00c7iftlik Mahallesi (Neighborhood), Piri Reis Caddesi (Avenue), 137. Sokak (Street) No: 7 &#8212; Fethiye (District), Mu\u011fla (City), T\u00fcrkiye\n        <\/div>\n\n<div class=\"map-container\">\n        <iframe src=\"https:\/\/www.google.com\/maps\/embed?pb=!1m18!1m12!1m3!1d3199.506755585844!2d29.096881475764185!3d36.68635877227976!2m3!1f0!2f0!3f0!3m2!1i1024!2i768!4f13.1!3m3!1m2!1s0x14c043220baf76a1%3A0x8a1b6026022f2c0b!2sChillsteps%20Hostel%26Camping!5e0!3m2!1str!2str!4v1769233303841!5m2!1str!2str\" width=\"610\" height=\"450\" style=\"border:0;\" allowfullscreen=\"\" loading=\"lazy\" referrerpolicy=\"no-referrer-when-downgrade\"><\/iframe>\n    <\/div>\n<br \/>\n\n        <div class=\"transport-card\">\n            <h4>\u2708\ufe0f From Dalaman Airport (DLM)<\/h4>\n            <p>Take the <b>MUTTA\u015e<\/b> or <b>HAVA\u015e<\/b> shuttle to <b>Fethiye Bus Terminal<\/b> (Otogar). From there, you can take a white minibus (Dolmu\u015f)<\/p>\n            <span class=\"distance-badge\">Approx. 50 mins<\/span>\n        <\/div>\n\n        <div class=\"transport-card\" style=\"border-left-color: #CC75AA;\">\n            <h4>\ud83d\ude8c From Fethiye Bus Terminal (Otogar)<\/h4>\n<p><b>1.<\/b> Take the <b>&#8220;Fethiye &#8211; Yan\u0131klar&#8221;<\/b> white minibus (Dolmu\u015f) and get off at the <b>&#8220;\u00c7iftlik G\u00f6l Apart&#8221;<\/b> or <b>&#8220;Koca Market&#8221;<\/b> on the highway. We are just <b>5 mins<\/b> walking away.<\/p><br>\n            <p><b>2.<\/b> Take the <b>&#8220;Fethiye &#8211; Sahilden \u00c7al\u0131\u015f&#8221;<\/b> or <b>&#8220;Fethiye -G\u00fcnl\u00fckba\u015f\u0131 &#8211; \u00c7al\u0131\u015f&#8221;<\/b> white minibus (Dolmu\u015f) and get off at the <b>&#8220;Surf Cafe&#8221;<\/b> last stop. We are just <b>15 mins<\/b> walking away.<\/p>\n            <span class=\"distance-badge\">20 mins<\/span>\n        <\/div>\n\n        <div class=\"transport-card\">\n            <h4>\ud83c\udfd6\ufe0f Proximity<\/h4>\n            <ul style=\"padding-left: 20px; margin: 10px 0;\">\n                <li>\u00c7al\u0131\u015f Beach <span class=\"distance-badge\">12 min walk<\/span><\/li>\n                <li>Market <span class=\"distance-badge\">5 min walk<\/span><\/li>\n<li>SuperMarket <span class=\"distance-badge\">10 min walk<\/span><\/li>\n<li>Bakery <span class=\"distance-badge\">10 min walk<\/span><\/li>\n                <li>Fethiye Old Town <span class=\"distance-badge\">20 min bus<\/span><\/li>\n            <\/ul>\n        <\/div>\n    <\/div>\n\n<\/div>\n\n\n\n<p style=\"display: flex; align-items: center; gap: 8px; font-family: -apple-system, BlinkMacSystemFont, 'Segoe UI', Roboto, Helvetica, Arial, sans-serif;\">\n  <a href=\"https:\/\/wa.me\/902526220012\" target=\"_blank\" style=\"text-decoration: none; display: flex; align-items: center; gap: 10px;\">\n    <img decoding=\"async\" src=\"https:\/\/upload.wikimedia.org\/wikipedia\/commons\/6\/6b\/WhatsApp.svg\" alt=\"WhatsApp\" style=\"width: 24px; height: 24px; display: block;\">\n    <b style=\"color: #25D366; font-size: 16px;\">Contact us via WhatsApp:<\/b>\n  <\/a>\n  <span style=\"font-size: 16px; color: #333; font-weight: 500;\">+902526220012<\/span>\n<\/p>\n\n\n\n<p><\/p>\n","protected":false},"excerpt":{"rendered":"<p>Where are we? \ud83d\udccd Address: \u00c7iftlik Mahallesi (Neighborhood), Piri Reis Caddesi (Avenue), 137. Sokak (Street) No: 7 &#8212; Fethiye (District), Mu\u011fla (City), T\u00fcrkiye \u2708\ufe0f From Dalaman Airport (DLM) Take the MUTTA\u015e or HAVA\u015e shuttle to Fethiye Bus Terminal (Otogar). From there, you can take a white minibus (Dolmu\u015f) Approx. 50 mins \ud83d\ude8c From Fethiye Bus&hellip; <a class=\"more-link\" href=\"http:\/\/www.hostelchillsteps.com\/index.php\/location\/\">Continue reading <span class=\"screen-reader-text\">Location<\/span><\/a><\/p>\n","protected":false},"author":1,"featured_media":0,"parent":0,"menu_order":0,"comment_status":"closed","ping_status":"closed","template":"","meta":{"footnotes":""},"class_list":["post-81","page","type-page","status-publish","hentry","entry"],"_links":{"self":[{"href":"http:\/\/www.hostelchillsteps.com\/index.php\/wp-json\/wp\/v2\/pages\/81","targetHints":{"allow":["GET"]}}],"collection":[{"href":"http:\/\/www.hostelchillsteps.com\/index.php\/wp-json\/wp\/v2\/pages"}],"about":[{"href":"http:\/\/www.hostelchillsteps.com\/index.php\/wp-json\/wp\/v2\/types\/page"}],"author":[{"embeddable":true,"href":"http:\/\/www.hostelchillsteps.com\/index.php\/wp-json\/wp\/v2\/users\/1"}],"replies":[{"embeddable":true,"href":"http:\/\/www.hostelchillsteps.com\/index.php\/wp-json\/wp\/v2\/comments?post=81"}],"version-history":[{"count":47,"href":"http:\/\/www.hostelchillsteps.com\/index.php\/wp-json\/wp\/v2\/pages\/81\/revisions"}],"predecessor-version":[{"id":458,"href":"http:\/\/www.hostelchillsteps.com\/index.php\/wp-json\/wp\/v2\/pages\/81\/revisions\/458"}],"wp:attachment":[{"href":"http:\/\/www.hostelchillsteps.com\/index.php\/wp-json\/wp\/v2\/media?parent=81"}],"curies":[{"name":"wp","href":"https:\/\/api.w.org\/{rel}","templated":true}]}}